{"id":8480,"date":"2025-11-15T17:00:48","date_gmt":"2025-11-15T17:00:48","guid":{"rendered":"https:\/\/www.1place-shop.com\/?post_type=product&#038;p=8480"},"modified":"2026-03-27T10:27:08","modified_gmt":"2026-03-27T10:27:08","slug":"ocypus-delta-a40-white-argb","status":"publish","type":"product","link":"https:\/\/www.1place-shop.com\/?product=ocypus-delta-a40-white-argb","title":{"rendered":"OCYPUS DELTA A40 WHITE ARGB"},"content":{"rendered":"<h1><strong>OCYPUS DELTA A40<\/strong><\/h1>\n<h2 data-start=\"358\" data-end=\"387\"><strong>Technical Specifications<\/strong><\/h2>\n<div class=\"_tableContainer_1rjym_1\">\n<div class=\"group _tableWrapper_1rjym_13 flex w-fit flex-col-reverse\">\n<table class=\"w-fit min-w-(--thread-content-width)\" data-start=\"389\" data-end=\"1702\">\n<thead data-start=\"389\" data-end=\"431\">\n<tr data-start=\"389\" data-end=\"431\">\n<th data-start=\"389\" data-end=\"416\" data-col-size=\"sm\"><strong data-start=\"391\" data-end=\"403\">Category<\/strong><\/th>\n<th data-start=\"416\" data-end=\"431\" data-col-size=\"md\"><strong data-start=\"418\" data-end=\"429\">Details<\/strong><\/th>\n<\/tr>\n<\/thead>\n<tbody data-start=\"475\" data-end=\"1702\">\n<tr data-start=\"475\" data-end=\"522\">\n<td data-start=\"475\" data-end=\"502\" data-col-size=\"sm\"><strong data-start=\"477\" data-end=\"491\">Model Name<\/strong><\/td>\n<td data-start=\"502\" data-end=\"522\" data-col-size=\"md\"><strong>OCYPUS Delta A40<\/strong><\/td>\n<\/tr>\n<tr data-start=\"523\" data-end=\"577\">\n<td data-start=\"523\" data-end=\"550\" data-col-size=\"sm\"><strong data-start=\"525\" data-end=\"541\">Cooling Type<\/strong><\/td>\n<td data-start=\"550\" data-end=\"577\" data-col-size=\"md\"><strong>Single-tower air cooler<\/strong><\/td>\n<\/tr>\n<tr data-start=\"578\" data-end=\"687\">\n<td data-start=\"578\" data-end=\"605\" data-col-size=\"sm\"><strong data-start=\"580\" data-end=\"594\">Heat-Pipes<\/strong><\/td>\n<td data-start=\"605\" data-end=\"687\" data-col-size=\"md\"><strong>4 \u00d7 \u00d86 mm direct-touch copper heat-pipes<\/strong><\/td>\n<\/tr>\n<tr data-start=\"688\" data-end=\"774\">\n<td data-start=\"688\" data-end=\"715\" data-col-size=\"sm\"><strong data-start=\"690\" data-end=\"702\">Fan Size<\/strong><\/td>\n<td data-start=\"715\" data-end=\"774\" data-col-size=\"md\"><strong>120 \u00d7 120 \u00d7 25 mm\u00a0<\/strong><\/td>\n<\/tr>\n<tr data-start=\"775\" data-end=\"865\">\n<td data-start=\"775\" data-end=\"802\" data-col-size=\"sm\"><strong data-start=\"777\" data-end=\"796\">Fan Speed (PWM)<\/strong><\/td>\n<td data-start=\"802\" data-end=\"865\" data-col-size=\"md\"><strong>500 \u2013 ~2,000 \u00b110% RPM\u00a0<\/strong><\/td>\n<\/tr>\n<tr data-start=\"866\" data-end=\"942\">\n<td data-start=\"866\" data-end=\"893\" data-col-size=\"sm\"><strong data-start=\"868\" data-end=\"885\">Airflow (Max)<\/strong><\/td>\n<td data-start=\"893\" data-end=\"942\" data-col-size=\"md\"><strong>~73 CFM\u00a0<\/strong><\/td>\n<\/tr>\n<tr data-start=\"943\" data-end=\"1022\">\n<td data-start=\"943\" data-end=\"970\" data-col-size=\"sm\"><strong data-start=\"945\" data-end=\"967\">Air Pressure (Max)<\/strong><\/td>\n<td data-start=\"970\" data-end=\"1022\" data-col-size=\"md\"><strong>~4.3 mmH\u2082O<\/strong><\/td>\n<\/tr>\n<tr data-start=\"1023\" data-end=\"1102\">\n<td data-start=\"1023\" data-end=\"1050\" data-col-size=\"sm\"><strong data-start=\"1025\" data-end=\"1046\">Noise Level (Max)<\/strong><\/td>\n<td data-start=\"1050\" data-end=\"1102\" data-col-size=\"md\"><strong>\u2264 29 dB(A)\u00a0<\/strong><\/td>\n<\/tr>\n<tr data-start=\"1103\" data-end=\"1203\">\n<td data-start=\"1103\" data-end=\"1130\" data-col-size=\"sm\"><strong data-start=\"1105\" data-end=\"1120\">TDP Support<\/strong><\/td>\n<td data-start=\"1130\" data-end=\"1203\" data-col-size=\"md\"><strong>Up to ~220 W for high-load CPUs<\/strong><\/td>\n<\/tr>\n<tr data-start=\"1204\" data-end=\"1310\">\n<td data-start=\"1204\" data-end=\"1231\" data-col-size=\"sm\"><strong data-start=\"1206\" data-end=\"1220\">Dimensions<\/strong><\/td>\n<td data-start=\"1231\" data-end=\"1310\" data-col-size=\"md\"><strong>Approx. 125 \u00d7 70.5 \u00d7 156.7 mm (L\u00d7W\u00d7H)\u00a0<\/strong><\/td>\n<\/tr>\n<tr data-start=\"1311\" data-end=\"1386\">\n<td data-start=\"1311\" data-end=\"1338\" data-col-size=\"sm\"><strong data-start=\"1313\" data-end=\"1327\">Net Weight<\/strong><\/td>\n<td data-start=\"1338\" data-end=\"1386\" data-col-size=\"md\"><strong>~600 g\u00a0<\/strong><\/td>\n<\/tr>\n<tr data-start=\"1387\" data-end=\"1497\">\n<td data-start=\"1387\" data-end=\"1414\" data-col-size=\"sm\"><strong data-start=\"1389\" data-end=\"1401\">Lighting<\/strong><\/td>\n<td data-start=\"1414\" data-end=\"1497\" data-col-size=\"md\"><strong>Addressable RGB (ARGB) lighting support\u00a0<\/strong><\/td>\n<\/tr>\n<tr data-start=\"1498\" data-end=\"1621\">\n<td data-start=\"1498\" data-end=\"1526\" data-col-size=\"sm\"><strong data-start=\"1500\" data-end=\"1526\">Platform Compatibility<\/strong><\/td>\n<td data-start=\"1526\" data-end=\"1621\" data-col-size=\"md\"><strong>Intel LGA 115x \/ 1200 \/ 1700 \/ 1851 \u00b7 AMD AM4 \/ AM5<\/strong><\/td>\n<\/tr>\n<\/tbody>\n<\/table>\n<\/div>\n<\/div>\n","protected":false},"excerpt":{"rendered":"<ul>\n<li data-start=\"2925\" data-end=\"2997\">\n<p data-start=\"2927\" data-end=\"2997\">4 \u00d7 \u00d86 mm direct-touch copper heat-pipes for effective heat transfer<\/p>\n<\/li>\n<li data-start=\"2998\" data-end=\"3055\">\n<p data-start=\"3000\" data-end=\"3055\">Large 120 mm PWM fan delivering up to ~73 CFM airflow<\/p>\n<\/li>\n<li data-start=\"3056\" data-end=\"3107\">\n<p data-start=\"3058\" data-end=\"3107\">Quiet operation with noise up to only ~29 dB(A)<\/p>\n<\/li>\n<li data-start=\"3108\" data-end=\"3169\">\n<p data-start=\"3110\" data-end=\"3169\">ARGB lighting for customizable aesthetics and system sync<\/p>\n<\/li>\n<li data-start=\"3170\" data-end=\"3248\">\n<p data-start=\"3172\" data-end=\"3248\">Wide compatibility: supports Intel LGA 115x\/1200\/1700\/1851 and AMD AM4\/AM5<\/p>\n<\/li>\n<li data-start=\"3249\" data-end=\"3315\">\n<p data-start=\"3251\" data-end=\"3315\">Supports high TDP CPUs (~220 W) for gaming and heavy workloads<\/p>\n<\/li>\n<\/ul>\n","protected":false},"featured_media":9760,"comment_status":"open","ping_status":"closed","template":"","meta":{"_acf_changed":false,"_eb_attr":""},"product_brand":[330],"product_cat":[284,282],"product_tag":[],"class_list":{"0":"post-8480","1":"product","2":"type-product","3":"status-publish","4":"has-post-thumbnail","6":"product_brand-ocypus","7":"product_cat-cpu-air-cooling","8":"product_cat-cpu-cooler","10":"first","11":"instock","12":"shipping-taxable","13":"purchasable","14":"product-type-simple"},"acf":[],"_links":{"self":[{"href":"https:\/\/www.1place-shop.com\/index.php?rest_route=\/wp\/v2\/product\/8480","targetHints":{"allow":["GET"]}}],"collection":[{"href":"https:\/\/www.1place-shop.com\/index.php?rest_route=\/wp\/v2\/product"}],"about":[{"href":"https:\/\/www.1place-shop.com\/index.php?rest_route=\/wp\/v2\/types\/product"}],"replies":[{"embeddable":true,"href":"https:\/\/www.1place-shop.com\/index.php?rest_route=%2Fwp%2Fv2%2Fcomments&post=8480"}],"wp:featuredmedia":[{"embeddable":true,"href":"https:\/\/www.1place-shop.com\/index.php?rest_route=\/wp\/v2\/media\/9760"}],"wp:attachment":[{"href":"https:\/\/www.1place-shop.com\/index.php?rest_route=%2Fwp%2Fv2%2Fmedia&parent=8480"}],"wp:term":[{"taxonomy":"product_brand","embeddable":true,"href":"https:\/\/www.1place-shop.com\/index.php?rest_route=%2Fwp%2Fv2%2Fproduct_brand&post=8480"},{"taxonomy":"product_cat","embeddable":true,"href":"https:\/\/www.1place-shop.com\/index.php?rest_route=%2Fwp%2Fv2%2Fproduct_cat&post=8480"},{"taxonomy":"product_tag","embeddable":true,"href":"https:\/\/www.1place-shop.com\/index.php?rest_route=%2Fwp%2Fv2%2Fproduct_tag&post=8480"}],"curies":[{"name":"wp","href":"https:\/\/api.w.org\/{rel}","templated":true}]}}